{"id":30,"date":"2020-08-14T21:47:30","date_gmt":"2020-08-14T20:47:30","guid":{"rendered":"https:\/\/kolschfan.site\/?page_id=30"},"modified":"2020-08-19T22:21:19","modified_gmt":"2020-08-19T21:21:19","slug":"about","status":"publish","type":"page","link":"https:\/\/kolschfan.site\/index.php\/about\/","title":{"rendered":"About"},"content":{"rendered":"\t\t<div data-elementor-type=\"wp-page\" data-elementor-id=\"30\" class=\"elementor elementor-30\">\n\t\t\t\t\t\t<section class=\"elementor-section elementor-top-section elementor-element elementor-element-b11a4eb elementor-section-boxed elementor-section-height-default elementor-section-height-default\" data-id=\"b11a4eb\" data-element_type=\"section\" data-e-type=\"section\">\n\t\t\t\t\t\t<div class=\"elementor-container elementor-column-gap-default\">\n\t\t\t\t\t<div class=\"elementor-column elementor-col-100 elementor-top-column elementor-element elementor-element-785778f\" data-id=\"785778f\" data-element_type=\"column\" data-e-type=\"column\">\n\t\t\t<div class=\"elementor-widget-wrap elementor-element-populated\">\n\t\t\t\t\t\t<div class=\"elementor-element elementor-element-10d40bb elementor-widget elementor-widget-text-editor\" data-id=\"10d40bb\" data-element_type=\"widget\" data-e-type=\"widget\" data-widget_type=\"text-editor.default\">\n\t\t\t\t<div class=\"elementor-widget-container\">\n\t\t\t\t\t\t\t\t\t<p><\/p>\n<blockquote class=\"wp-block-quote\">\n<p>Hello, my name is John and I\u2019ve setup this website as a fan site to the legendary DJ and Producer Rune Reilly K\u00f6lsch\u00a0or to most people known as just\u00a0K\u00f6lsch.<\/p>\n<p>Below is just a little bit of a story about why I created this website.\u00a0 This website is just a bit of fun really and I wanted to see if fellow fans of K\u00f6lsch would visit and interact in the forums and share their K\u00f6lsch experiences; be it music, clubbing experiences or anything else K\u00f6lsch related.<\/p>\n<p>So, the story behind the fan site! I guess I\u2019ll start at the beginning, and my love of music, growing up I listened to many different types of music in my house, the Beatles, Elvis and Pink Floyd from my Mums side and Rod Steward, Fleetwood Mac and David Essex from my Dads side.\u00a0 Having two older brothers whose music choice was either UK chart music or dance music.\u00a0 Well it was dance music that caught my interest, hearing some of the best tracks from the age of around seven or eight, tracks such as <a href=\"https:\/\/youtu.be\/PD-2afS3I-4\">Jack \u2018N\u2019 Chill \u2013 The Jack that house built,<\/a> <a href=\"https:\/\/youtu.be\/Gr-zG-IXDyo\">InterCity \u2013 Big Fun<\/a> as well as a huge dose of acid house music, this was my real entry into dance music.\u00a0<\/p>\n<p>So living in the UK, when I was at school we swapped tapes of recorded radio shows, DJ mixes and recordings from local club nights, also my brother would often drive up to London as he was eleven years older than me and would get me recordings off pirate radio show such as Fantasy FM and I used to listen to them all the time as at that time you couldn\u2019t buy that type of music where I lived or listen to it on the radio.<\/p>\n<\/blockquote>\n<p><\/p>\t\t\t\t\t\t\t\t<\/div>\n\t\t\t\t<\/div>\n\t\t\t\t\t<\/div>\n\t\t<\/div>\n\t\t\t\t\t<\/div>\n\t\t<\/section>\n\t\t\t\t<section class=\"elementor-section elementor-top-section elementor-element elementor-element-24e87dd elementor-section-boxed elementor-section-height-default elementor-section-height-default\" data-id=\"24e87dd\" data-element_type=\"section\" data-e-type=\"section\">\n\t\t\t\t\t\t<div class=\"elementor-container elementor-column-gap-default\">\n\t\t\t\t\t<div class=\"elementor-column elementor-col-100 elementor-top-column elementor-element elementor-element-78eeac2\" data-id=\"78eeac2\" data-element_type=\"column\" data-e-type=\"column\">\n\t\t\t<div class=\"elementor-widget-wrap elementor-element-populated\">\n\t\t\t\t\t\t<div class=\"elementor-element elementor-element-ac71ccf elementor-widget elementor-widget-text-editor\" data-id=\"ac71ccf\" data-element_type=\"widget\" data-e-type=\"widget\" data-widget_type=\"text-editor.default\">\n\t\t\t\t<div class=\"elementor-widget-container\">\n\t\t\t\t\t\t\t\t\t<p>During my teenage years, music from where I come from (Essex!) was all about hardcore and jungle music with the likes of Slipmatt, Dougal, etc. However, in 1995 my oldest brother headed off to Ibiza for a whole season and came back with some new tapes. This time from places like the KU club with new sounds of house music. I have no idea of the DJ\u2019s and even if they were really from the club in question on those tapes, however the music was new to me and amazing. So, there was one tape that had this one song, that just changed everything for me music wise. That track was Josh Wink \u2013 Higher state of consciousness. Wow what a track, over and over I played that track some might say to death, (it will be my funeral song; even my wife knows that.) It is what kicked started me into music in a big way and my first step in to becoming a bedroom DJ.<\/p>\n<p>So, I asked my other brother if he could lend me some money to buy some decks? He said yes and my first decks arrived they were a cheap belt driven pair and a basic mixer, but it did not matter I wanted to learn to mix and more importantly buy the music. So, then I tracked down record shops and tried my hardest to track ID music on tapes I heard. (No Internet or Shazam at that time) to get vinyl. I loved it but it was costly! Every spare penny I earned went on paying back my decks or buying vinyl.<\/p>\n<p>Consequently, I was never the greatest mixer \/ DJ but that did not matter it was always about the music. I brought old and new tracks if I liked it, Acid, Techno, Trance, Speed Garage, Breakbeat, Hip-hop you name it I brought it. Then after my first year of belt driven decks I traded them in for some Technics 1210 Mk2 and life was good, but vinyl was still expensive, however the Internet come along helping me ID tracks. Also as I was getting older I could start getting in to clubs such as Oscars on Clacton Pier and Home in London (Leicester square) and enjoying the music finding more and more great music.<\/p>\t\t\t\t\t\t\t\t<\/div>\n\t\t\t\t<\/div>\n\t\t\t\t\t<\/div>\n\t\t<\/div>\n\t\t\t\t\t<\/div>\n\t\t<\/section>\n\t\t\t\t<section class=\"elementor-section elementor-top-section elementor-element elementor-element-2548355 elementor-section-boxed elementor-section-height-default elementor-section-height-default\" data-id=\"2548355\" data-element_type=\"section\" data-e-type=\"section\">\n\t\t\t\t\t\t<div class=\"elementor-container elementor-column-gap-default\">\n\t\t\t\t\t<div class=\"elementor-column elementor-col-100 elementor-top-column elementor-element elementor-element-fc0f4ea\" data-id=\"fc0f4ea\" data-element_type=\"column\" data-e-type=\"column\">\n\t\t\t<div class=\"elementor-widget-wrap elementor-element-populated\">\n\t\t\t\t\t\t<div class=\"elementor-element elementor-element-51dbd91 elementor-widget elementor-widget-text-editor\" data-id=\"51dbd91\" data-element_type=\"widget\" data-e-type=\"widget\" data-widget_type=\"text-editor.default\">\n\t\t\t\t<div class=\"elementor-widget-container\">\n\t\t\t\t\t\t\t\t\t<p><\/p>\n<blockquote class=\"wp-block-quote\">\n<p>Music was good and I was getting a little better on the mixing front not perfect but enjoying it, I did get to play on some local \u201ccommunity\u201d radio stations even, so shout out to Mission FM and SKY FM (Essex). However, I guess come the mid to late 2000\u2019s music changed a lot for me it become very Electro and EDM which just didn\u2019t click with me, ok there was the odd good song, but it was different to me in a not in good way. Vinyl seemed to drop off with the new world of mp3s and CDJs and seeing auto mixing come to life, I guess I was getting older and didn\u2019t feel the excitement of that. I was in limbo for music, so at this point I just kept going back to the old school days of music. Vinyl collecting now was very much just luck for me as most record shops closed and people just wanted mp3 files (as I guess was so much cheaper).<\/p>\n<p>So does the story end there? No, so what of today, well. I was on a long car journey one Friday night and listening to BBC Radio 1 and Annie Mac and on come a track called <a href=\"https:\/\/youtu.be\/tuMgJrFoAFY\">\u201cWalking with Elephants\u201d by Ten Walls<\/a> and it made me \u201cturn it up\u201d and listen again almost like the Josh wink track did all them years ago. However, when I got back from wherever I was, I searched for this track and found it. Then I see lots of comments about this track, \u201cThis track is much like <a href=\"https:\/\/youtu.be\/OQqktp8Yx_E\">\u201cGrey\u201d by K\u00f6lsch<\/a>, so I tracked down this \u201cGrey\u201d track and BOOM this was the Josh Wink moment again. What was this track? It was just amazing! So, it begins again for me, back catalogue searching every track, every remix, album, and every DJ set I could find that K\u00f6lsch had done. I listened, played and purchased on vinyl where possible all of K\u00f6lsch\u2019s music and I am back mixing again (well trying) on the 1210\u2019s.<\/p>\n<p>The love of music was reborn. I am back listening to the radio again, YouTube, Spotify, SoundCloud, etc. Tracking down other DJ\u2019s like K\u00f6lsch. Another favourite DJ and producer of mine is Michael Mayer who in the time of writing this in the madness of the year that is 2020 (look it up in the history books) has also released amazing tracks such as <a href=\"https:\/\/youtu.be\/9qDJwXLglQA\">\u201cHigher\u201d by Michael Mayer.<\/a> I am even planning a trip to Germany to visit Kompakt records to get the vinyl buzz back of walking out with another shoulder bag of vinyl to play (again once the madness of corona virus is over).<\/p>\n<p>So, I am in lockdown and I thought, I would like to share my re-love for music. I thought I would build a fan site and see how it goes and this is where we are at today. I am not the greatest website builder \/ designer in the world, and I know it is not perfect but hopefully it will grow and adapt over the years to come. I am welcoming feedback about how to grow the website and forums.<\/p>\n<\/blockquote>\n<p><\/p>\t\t\t\t\t\t\t\t<\/div>\n\t\t\t\t<\/div>\n\t\t\t\t\t<\/div>\n\t\t<\/div>\n\t\t\t\t\t<\/div>\n\t\t<\/section>\n\t\t\t\t<section class=\"elementor-section elementor-top-section elementor-element elementor-element-98dc3c6 elementor-section-boxed elementor-section-height-default elementor-section-height-default\" data-id=\"98dc3c6\" data-element_type=\"section\" data-e-type=\"section\">\n\t\t\t\t\t\t<div class=\"elementor-container elementor-column-gap-default\">\n\t\t\t\t\t<div class=\"elementor-column elementor-col-100 elementor-top-column elementor-element elementor-element-961902b\" data-id=\"961902b\" data-element_type=\"column\" data-e-type=\"column\">\n\t\t\t<div class=\"elementor-widget-wrap elementor-element-populated\">\n\t\t\t\t\t\t<div class=\"elementor-element elementor-element-af14034 elementor-widget elementor-widget-text-editor\" data-id=\"af14034\" data-element_type=\"widget\" data-e-type=\"widget\" data-widget_type=\"text-editor.default\">\n\t\t\t\t<div class=\"elementor-widget-container\">\n\t\t\t\t\t\t\t\t\t<p>I hope to write blogs of my thoughts on music (all types but mainly K\u00f6lsch related), share my new discoveries in music, share anything K\u00f6lsch related I come across that I might not have seen before or is worthwhile to share with other likeminded fans. Show off pictures of clubbing experiences, share photos and videos, records collections, or t-shirts in the forum.<\/p>\n<p>I have also collected links to all the different social media platforms in one place, links to Twitter feeds, Instagram feeds (both official K\u00f6lsch and official K\u00f6lsch Fan Club), YouTube videos, SoundCloud, Beatport, Spotify playlists, Bandcamp, Record Labels and Shops (Kompakt, IPSO), etc as your one stop shop for everything K\u00f6lsch.<\/p>\n<p><br \/>Thank you for joining and sharing the journey.<\/p>\n<p>John<\/p>\t\t\t\t\t\t\t\t<\/div>\n\t\t\t\t<\/div>\n\t\t\t\t\t<\/div>\n\t\t<\/div>\n\t\t\t\t\t<\/div>\n\t\t<\/section>\n\t\t\t\t<\/div>\n\t\t","protected":false},"excerpt":{"rendered":"<p>Hello, my name is John and I\u2019ve setup this website as a fan site to the legendary DJ and Producer Rune Reilly K\u00f6lsch\u00a0or to most people known as just\u00a0K\u00f6lsch. Below is just a little bit of a story about why I created this website.\u00a0 This website is just a bit<\/p>\n<div class=\"continue-reading-wrapper\"><a href=\"https:\/\/kolschfan.site\/index.php\/about\/\" class=\"continue-reading\">Continue Reading<i class=\"ion-ios-arrow-right\"><\/i><\/a><\/div>\n<div class='heateor_sss_sharing_container heateor_sss_vertical_sharing heateor_sss_bottom_sharing' style='width:34px;left: -10px;top: 100px;-webkit-box-shadow:none;box-shadow:none;' data-heateor-sss-href='https:\/\/kolschfan.site'><div class=\"heateor_sss_sharing_ul\"><a aria-label=\"Facebook\" class=\"heateor_sss_facebook\" href=\"https:\/\/www.facebook.com\/sharer\/sharer.php?u=https%3A%2F%2Fkolschfan.site\" title=\"Facebook\" rel=\"nofollow noopener\" target=\"_blank\" style=\"font-size:32px!important;box-shadow:none;display:inline-block;vertical-align:middle\"><span class=\"heateor_sss_svg\" style=\"background-color:#0765FE;width:30px;height:30px;margin:0;display:inline-block;opacity:1;float:left;font-size:32px;box-shadow:none;display:inline-block;font-size:16px;padding:0 4px;vertical-align:middle;background-repeat:repeat;overflow:hidden;padding:0;cursor:pointer;box-sizing:content-box\"><svg style=\"display:block;\" focusable=\"false\" aria-hidden=\"true\" xmlns=\"http:\/\/www.w3.org\/2000\/svg\" width=\"100%\" height=\"100%\" viewBox=\"0 0 32 32\"><path fill=\"#fff\" d=\"M28 16c0-6.627-5.373-12-12-12S4 9.373 4 16c0 5.628 3.875 10.35 9.101 11.647v-7.98h-2.474V16H13.1v-1.58c0-4.085 1.849-5.978 5.859-5.978.76 0 2.072.15 2.608.298v3.325c-.283-.03-.775-.045-1.386-.045-1.967 0-2.728.745-2.728 2.683V16h3.92l-.673 3.667h-3.247v8.245C23.395 27.195 28 22.135 28 16Z\"><\/path><\/svg><\/span><\/a><a aria-label=\"Twitter\" class=\"heateor_sss_button_twitter\" href=\"https:\/\/twitter.com\/intent\/tweet?text=K%C3%B6lsch%20Fan.site%20-%20ALL%20ABOUT%20THE%20DJ%20AND%20PRODUCER%20RUNE%20REILLY%20K%C3%96LSCH&url=https%3A%2F%2Fkolschfan.site\" title=\"Twitter\" rel=\"nofollow noopener\" target=\"_blank\" style=\"font-size:32px!important;box-shadow:none;display:inline-block;vertical-align:middle\"><span class=\"heateor_sss_svg heateor_sss_s__default heateor_sss_s_twitter\" style=\"background-color:#55acee;width:30px;height:30px;margin:0;display:inline-block;opacity:1;float:left;font-size:32px;box-shadow:none;display:inline-block;font-size:16px;padding:0 4px;vertical-align:middle;background-repeat:repeat;overflow:hidden;padding:0;cursor:pointer;box-sizing:content-box\"><svg style=\"display:block;\" focusable=\"false\" aria-hidden=\"true\" xmlns=\"http:\/\/www.w3.org\/2000\/svg\" width=\"100%\" height=\"100%\" viewBox=\"-4 -4 39 39\"><path d=\"M28 8.557a9.913 9.913 0 0 1-2.828.775 4.93 4.93 0 0 0 2.166-2.725 9.738 9.738 0 0 1-3.13 1.194 4.92 4.92 0 0 0-3.593-1.55 4.924 4.924 0 0 0-4.794 6.049c-4.09-.21-7.72-2.17-10.15-5.15a4.942 4.942 0 0 0-.665 2.477c0 1.71.87 3.214 2.19 4.1a4.968 4.968 0 0 1-2.23-.616v.06c0 2.39 1.7 4.38 3.952 4.83-.414.115-.85.174-1.297.174-.318 0-.626-.03-.928-.086a4.935 4.935 0 0 0 4.6 3.42 9.893 9.893 0 0 1-6.114 2.107c-.398 0-.79-.023-1.175-.068a13.953 13.953 0 0 0 7.55 2.213c9.056 0 14.01-7.507 14.01-14.013 0-.213-.005-.426-.015-.637.96-.695 1.795-1.56 2.455-2.55z\" fill=\"#fff\"><\/path><\/svg><\/span><\/a><a aria-label=\"Copy Link\" class=\"heateor_sss_button_copy_link\" title=\"Copy Link\" rel=\"noopener\" href=\"https:\/\/kolschfan.site\" onclick=\"event.preventDefault()\" style=\"font-size:32px!important;box-shadow:none;display:inline-block;vertical-align:middle\"><span class=\"heateor_sss_svg heateor_sss_s__default heateor_sss_s_copy_link\" style=\"background-color:#ffc112;width:30px;height:30px;margin:0;display:inline-block;opacity:1;float:left;font-size:32px;box-shadow:none;display:inline-block;font-size:16px;padding:0 4px;vertical-align:middle;background-repeat:repeat;overflow:hidden;padding:0;cursor:pointer;box-sizing:content-box\"><svg style=\"display:block;\" focusable=\"false\" aria-hidden=\"true\" xmlns=\"http:\/\/www.w3.org\/2000\/svg\" width=\"100%\" height=\"100%\" viewBox=\"-4 -4 40 40\"><path fill=\"#fff\" d=\"M24.412 21.177c0-.36-.126-.665-.377-.917l-2.804-2.804a1.235 1.235 0 0 0-.913-.378c-.377 0-.7.144-.97.43.026.028.11.11.255.25.144.14.24.236.29.29s.117.14.2.256c.087.117.146.232.177.344.03.112.046.236.046.37 0 .36-.126.666-.377.918a1.25 1.25 0 0 1-.918.377 1.4 1.4 0 0 1-.373-.047 1.062 1.062 0 0 1-.345-.175 2.268 2.268 0 0 1-.256-.2 6.815 6.815 0 0 1-.29-.29c-.14-.142-.223-.23-.25-.254-.297.28-.445.607-.445.984 0 .36.126.664.377.916l2.778 2.79c.243.243.548.364.917.364.36 0 .665-.118.917-.35l1.982-1.97c.252-.25.378-.55.378-.9zm-9.477-9.504c0-.36-.126-.665-.377-.917l-2.777-2.79a1.235 1.235 0 0 0-.913-.378c-.35 0-.656.12-.917.364L7.967 9.92c-.254.252-.38.553-.38.903 0 .36.126.665.38.917l2.802 2.804c.242.243.547.364.916.364.377 0 .7-.14.97-.418-.026-.027-.11-.11-.255-.25s-.24-.235-.29-.29a2.675 2.675 0 0 1-.2-.255 1.052 1.052 0 0 1-.176-.344 1.396 1.396 0 0 1-.047-.37c0-.36.126-.662.377-.914.252-.252.557-.377.917-.377.136 0 .26.015.37.046.114.03.23.09.346.175.117.085.202.153.256.2.054.05.15.148.29.29.14.146.222.23.25.258.294-.278.442-.606.442-.983zM27 21.177c0 1.078-.382 1.99-1.146 2.736l-1.982 1.968c-.745.75-1.658 1.12-2.736 1.12-1.087 0-2.004-.38-2.75-1.143l-2.777-2.79c-.75-.747-1.12-1.66-1.12-2.737 0-1.106.392-2.046 1.183-2.818l-1.186-1.185c-.774.79-1.708 1.186-2.805 1.186-1.078 0-1.995-.376-2.75-1.13l-2.803-2.81C5.377 12.82 5 11.903 5 10.826c0-1.08.382-1.993 1.146-2.738L8.128 6.12C8.873 5.372 9.785 5 10.864 5c1.087 0 2.004.382 2.75 1.146l2.777 2.79c.75.747 1.12 1.66 1.12 2.737 0 1.105-.392 2.045-1.183 2.817l1.186 1.186c.774-.79 1.708-1.186 2.805-1.186 1.078 0 1.995.377 2.75 1.132l2.804 2.804c.754.755 1.13 1.672 1.13 2.75z\"\/><\/svg><\/span><\/a><a class=\"heateor_sss_more\" aria-label=\"More\" title=\"More\" rel=\"nofollow noopener\" style=\"font-size: 32px!important;border:0;box-shadow:none;display:inline-block!important;font-size:16px;padding:0 4px;vertical-align: middle;display:inline;\" href=\"https:\/\/kolschfan.site\" onclick=\"event.preventDefault()\"><span class=\"heateor_sss_svg\" style=\"background-color:#ee8e2d;width:30px;height:30px;margin:0;display:inline-block!important;opacity:1;float:left;font-size:32px!important;box-shadow:none;display:inline-block;font-size:16px;padding:0 4px;vertical-align:middle;display:inline;background-repeat:repeat;overflow:hidden;padding:0;cursor:pointer;box-sizing:content-box;\" onclick=\"heateorSssMoreSharingPopup(this, 'https:\/\/kolschfan.site', 'K%C3%B6lsch%20Fan.site%20-%20ALL%20ABOUT%20THE%20DJ%20AND%20PRODUCER%20RUNE%20REILLY%20K%C3%96LSCH', '' )\"><svg xmlns=\"http:\/\/www.w3.org\/2000\/svg\" xmlns:xlink=\"http:\/\/www.w3.org\/1999\/xlink\" viewBox=\"-.3 0 32 32\" version=\"1.1\" width=\"100%\" height=\"100%\" style=\"display:block;\" xml:space=\"preserve\"><g><path fill=\"#fff\" d=\"M18 14V8h-4v6H8v4h6v6h4v-6h6v-4h-6z\" fill-rule=\"evenodd\"><\/path><\/g><\/svg><\/span><\/a><\/div><div class=\"heateorSssClear\"><\/div><\/div>","protected":false},"author":1,"featured_media":0,"parent":0,"menu_order":0,"comment_status":"closed","ping_status":"closed","template":"elementor_header_footer","meta":{"footnotes":""},"class_list":["post-30","page","type-page","status-publish","hentry"],"jetpack_sharing_enabled":true,"_links":{"self":[{"href":"https:\/\/kolschfan.site\/index.php\/wp-json\/wp\/v2\/pages\/30","targetHints":{"allow":["GET"]}}],"collection":[{"href":"https:\/\/kolschfan.site\/index.php\/wp-json\/wp\/v2\/pages"}],"about":[{"href":"https:\/\/kolschfan.site\/index.php\/wp-json\/wp\/v2\/types\/page"}],"author":[{"embeddable":true,"href":"https:\/\/kolschfan.site\/index.php\/wp-json\/wp\/v2\/users\/1"}],"replies":[{"embeddable":true,"href":"https:\/\/kolschfan.site\/index.php\/wp-json\/wp\/v2\/comments?post=30"}],"version-history":[{"count":0,"href":"https:\/\/kolschfan.site\/index.php\/wp-json\/wp\/v2\/pages\/30\/revisions"}],"wp:attachment":[{"href":"https:\/\/kolschfan.site\/index.php\/wp-json\/wp\/v2\/media?parent=30"}],"curies":[{"name":"wp","href":"https:\/\/api.w.org\/{rel}","templated":true}]}}